{"id":28,"date":"2024-09-11T19:55:40","date_gmt":"2024-09-11T16:55:40","guid":{"rendered":"https:\/\/pasi5.pas.fi\/?page_id=28"},"modified":"2024-11-01T14:29:16","modified_gmt":"2024-11-01T12:29:16","slug":"invitation","status":"publish","type":"page","link":"https:\/\/pasi5.pas.fi\/index.php\/invitation\/","title":{"rendered":"Invitation"},"content":{"rendered":"\n<h2 class=\"wp-block-heading\">Kilpailukutsu, V PAS Ilmapistoolikilpailu (PASI V), Action Air SM 2024<\/h2>\n\n\n\n<p>Kaikki ajat ovat Suomen aikaa.<\/p>\n\n\n\n<p>Poliisien Ampumaseura ry j\u00e4rjest\u00e4\u00e4 tason III practical-ilmapistoolikilpailun (Action Air) <a href=\"https:\/\/pasi5.pas.fi\/index.php\/venue\/\" data-type=\"page\" data-id=\"12\">seuran radalla, Hyttitie 4 A, Helsinki<\/a>, 6-8.12.2024.<br>Kilpailu on samalla Action Air suomenmestaruuskilpailu kaikissa Action Air \u2013 divisioonissa.<br>Kilpailunjohtaja: Sami Nikki<br>Ratamestari: Riku Kalinen<\/p>\n\n\n\n<p>Kisasivut: <a href=\"https:\/\/pasi5.pas.fi \">https:\/\/pasi5.pas.fi <\/a><\/p>\n\n\n\n<p>Aikataulu: <a href=\"https:\/\/pasi5.pas.fi\/index.php\/schedule\/\" data-type=\"page\" data-id=\"15\">Schedule<\/a><\/p>\n\n\n\n<h3 class=\"wp-block-heading\">P\u00e4\u00e4kisa<\/h3>\n\n\n\n<p>P\u00e4\u00e4kisaan otetaan enint\u00e4\u00e4n 60 kilpailijaa. Ilmoittautuminen aukeaa 1.10. K\u00e4rkiampujakiinti\u00f6st\u00e4 ilmoittautuvilla on 8.10 asti aikaa ilmoittautua. T\u00e4m\u00e4n j\u00e4lkeen paikat t\u00e4ytet\u00e4\u00e4n ilmoittautumisj\u00e4rjestyksess\u00e4. Mik\u00e4li kilpailu t\u00e4yttyy 8.10 menness\u00e4, otetaan ulkomaalaisia kilpailijoita maksimissaan 6. Asemia on 12 ja minimilaukausm\u00e4\u00e4r\u00e4 on noin 200.<br>Asemat on sijoitettu kolmeen huoneeseen, ja ryhm\u00e4n numero m\u00e4\u00e4r\u00e4\u00e4 aloitusp\u00e4iv\u00e4n, -kellonajan ja -huoneen. Ilmoittautuminen ja asetarkastus tehd\u00e4\u00e4n ensimm\u00e4isell\u00e4 asemalla.<br>Ryhm\u00e4\u00e4n mahtuu maksimissaan 5 henkil\u00f6\u00e4.<\/p>\n\n\n\n<h3 class=\"wp-block-heading\">Ilmapistooli (Action Air Handgun)<\/h3>\n\n\n\n<p>Kaikki divisioonat: Open, Standard, Production, Production Optics ja Classic.<br>Kaikki sarjat: Lady, Super Junior, Junior, Senior, Super Senior, Lady Senior ja Grand Senior.<br>Joukkuekilpailu suomalaisille seurajoukkueille: kaikki divisioonat ja sarjat.<br>Ei perhejoukkueita.<\/p>\n\n\n\n<h3 class=\"wp-block-heading\">Ilmoittautuminen<\/h3>\n\n\n\n<h4 class=\"wp-block-heading\">Kilpailijat<\/h4>\n\n\n\n<p>Kilpailijoiden ilmoittautuminen alkaa 1.10.2024 klo 18 Peliaksessa:<br><a href=\"https:\/\/pelias.ipscfin.org\/matchreg_self\/1204\/create\">https:\/\/pelias.ipscfin.org\/matchreg_self\/1204\/create<\/a><br>Kilpailuun voi ilmoittautua ainoastaan TA-listalla oleva henkil\u00f6. IPSC:n ja pohjoismaiden asettamista pakotteista johtuen emme voi ottaa ven\u00e4l\u00e4isi\u00e4 emmek\u00e4 valkoven\u00e4l\u00e4isi\u00e4 kilpailuun emmek\u00e4 toimitsijoiksi.<br>Ilmoittautuminen p\u00e4\u00e4ttyy 1.11.2024 klo 18.<br>Vaihtoehtoisesti voi ilmoittautua s\u00e4hk\u00f6postitse osoitteella:<br>aa2024@pas.fi<\/p>\n\n\n\n<h4 class=\"wp-block-heading\">Joukkueet<\/h4>\n\n\n\n<p>Joukkueet ilmoitetaan Peliaksessa tai s\u00e4hk\u00f6postilla. Joukkuekilpailu on ainoastaan suomalaisille seurajoukkueille. Joukkueiden ilmoittautumisaika p\u00e4\u00e4ttyy 15.11.2024 klo 18.<\/p>\n\n\n\n<h4 class=\"wp-block-heading\">Toimitsijat<\/h4>\n\n\n\n<p>Toimitsijoiden (esikisa 6.12) ilmoittautuminen s\u00e4hk\u00f6postitse em. osoitteella. P\u00e4\u00e4kisap\u00e4ivin\u00e4 toimitsijoille on ruokailu, esikisassa omat ev\u00e4\u00e4t.<\/p>\n\n\n\n<h4 class=\"wp-block-heading\">Osallistumismaksut<\/h4>\n\n\n\n<p>\u00c4l\u00e4 maksa osallistumismaksua ennen kuin olet tilassa &#8220;odottaa&#8221; (pending).<br>Osallistumismaksu kilpailijoilta on 1.11 asti 70 \u20ac (juniorit ja super juniorit 50 \u20ac) ja sen j\u00e4lkeen ilmoittautuneilta 90 \u20ac.<br>Osallistumismaksun tulee n\u00e4ky\u00e4 kilpailupaikan menett\u00e4misen uhalla 1.11 menness\u00e4 Poliisien Ampumaseura ry:n tilill\u00e4:<br>FI56 1493 3000 1035 45<br>Viestiksi PASI V ja oma nimi. <br>Maksettu osallistumismaksu palautetaan l\u00e4\u00e4k\u00e4rintodistusta vastaan.<\/p>\n\n\n\n<h4 class=\"wp-block-heading\">Joukkuemaksut<\/h4>\n\n\n\n<p>Joukkuemaksut 20 \u20ac \/ joukkue tulee maksaa 15.11 menness\u00e4 yll\u00e4 mainitulle tilille. Viestiksi PASI V joukkue + seuran lyhenne + joukkueen nimi.<\/p>\n\n\n\n<h4 class=\"wp-block-heading\">Ryhm\u00e4t<\/h4>\n\n\n\n<p>Ryhm\u00e4n p\u00e4\u00e4see valitsemaan Peliaksessa 15.10 klo 18 alkaen, sitten kun maksu n\u00e4kyy PAS:n tilill\u00e4. <br><a href=\"https:\/\/pelias.ipscfin.org\/matchreg_self\">https:\/\/pelias.ipscfin.org\/matchreg_self<\/a><br>Mik\u00e4li kilpailija ei ole valinnut ryhm\u00e4\u00e4 15.11 klo 18 menness\u00e4, PAS sijoittelee kilpailijat ryhmiin.<\/p>\n\n\n\n<p>Mik\u00e4li p\u00e4\u00e4kisaan ilmoittautuu alle 31 henkil\u00f6\u00e4, ainoastaan sunnuntain ryhm\u00e4t (7-12) tulevat valittaviksi.<\/p>\n\n\n\n<p>Mik\u00e4li p\u00e4\u00e4kisaan ilmoittautuu 31-45 henkil\u00f6\u00e4, valittaviksi tulevat sunnuntain ja lauantai-iltap\u00e4iv\u00e4n ryhm\u00e4t (4-12).<\/p>\n\n\n\n<p>Mik\u00e4li p\u00e4\u00e4kisaan ilmoittautuu yli 45 henkil\u00f6\u00e4, valittaviksi tulevat lauantain ja sunnuntain ryhm\u00e4t (1-12).  <\/p>\n\n\n\n<h3 class=\"wp-block-heading\">Palkinnot<\/h3>\n\n\n\n<p>Kilpailussa palkitaan seuraavasti:<br>SM-palkinnot 1\u20133. divisioonista, sarjoista ja joukkueista.<br>Presidentin mitalit ja PAS-mitalit jaetaan IPSC-s\u00e4\u00e4nt\u00f6jen liitteen A2 mukaan: Divisioonassa on oltava v\u00e4hint\u00e4\u00e4n 10 kilpailijaa, sarjassa v\u00e4hint\u00e4\u00e4n 5.<br>Joukkuekilpailussa palkitaan paras joukkue, jos joukkueita on v\u00e4hint\u00e4\u00e4n kolme ja kolme parasta joukkuetta jos joukkueita on v\u00e4hint\u00e4\u00e4n viisi. <\/p>\n\n\n\n<p>Junior &#8211; ja Super Junior &#8211; sarjoissa palkitaan joka tapauksessa kolme parasta.<\/p>\n\n\n\n<h3 class=\"wp-block-heading\">Muuta<\/h3>\n\n\n\n<p>Protestimaksu: 70 \u20ac<br>Tarkastuslistat ja asemakohtaiset tulokset julkaistaan protestiaikana vain Peliaksessa ja tulostoimistossa on tietokone kilpailijoiden k\u00e4ytt\u00f6\u00f6n palvelun selaamiseksi.<br>Jonotuslistalta kilpailupaikan saaneiden edellytet\u00e4\u00e4n vahvistavan osallistumisensa 24 tunnin kuluessa s\u00e4hk\u00f6postitse kehoituksen saatuaan.<\/p>\n\n\n\n<h2 class=\"wp-block-heading\">Invitation<\/h2>\n\n\n\n<h3 class=\"wp-block-heading\">Match invitation, PASI V, Action Air Handgun Finnish Nationals 2024<\/h3>\n\n\n\n<p>All times are Finnish local time (Europe\/Helsinki).<\/p>\n\n\n\n<p>Poliisien Ampumaseura ry organises Level III IPSC Action Air Handgun match in<a href=\"https:\/\/pasi5.pas.fi\/index.php\/venue\/\" data-type=\"page\" data-id=\"12\"> PAS Action Air range, address Hyttitie 4 A, Helsinki, Finland<\/a>, on 6-8 December 2024.<br>This is also the Finnish Championship match in all Action Air Handgun divisions.<br>MD: Sami Nikki<br>RM: Riku Kalinen<\/p>\n\n\n\n<p>Match pages: <a href=\"https:\/\/pasi5.pas.fi \">https:\/\/pasi5.pas.fi <\/a><\/p>\n\n\n\n<p>Schedule: <a href=\"https:\/\/pasi5.pas.fi\/index.php\/schedule\/\" data-type=\"page\" data-id=\"15\">Schedule<\/a><\/p>\n\n\n\n<h3 class=\"wp-block-heading\">Main match<\/h3>\n\n\n\n<p>Main match has 60 slots. The registration opens 1.10. The privileged registrants (basically last year winners) have until 8.10 to register. If all slots are reserved by 8.10, 6 slots are reserved for competitors abroad. There are 12 stages and the minimum number of shots is about 200. Stages are located in three rooms, and the squad number defines the starting date, time and room. Registration and equipment check are done in the first stage. Maximum squad capacity is five persons.<\/p>\n\n\n\n<h3 class=\"wp-block-heading\">Action Air Handgun<\/h3>\n\n\n\n<p>Divisions: Open, Standard, Production, Production Optics ja Classic.<br>Categories: Lady, Super Junior, Junior, Senior, Super Senior, Lady Senior ja Grand Senior.<br>Team competition for Finnish club teams only: All divisions and categories.<br>No family teams.<\/p>\n\n\n\n<h3 class=\"wp-block-heading\">Registration<\/h3>\n\n\n\n<h4 class=\"wp-block-heading\">Competitors<\/h4>\n\n\n\n<p>Competitor registration starts October 1 18:00 hours in Pelias:<br><a href=\"https:\/\/pelias.ipscfin.org\/matchreg_self\/1204\/create\">https:\/\/pelias.ipscfin.org\/matchreg_self\/1204\/create<\/a><br>Only IPSC members can register. Competitors from other IPSC regions are admitted only if their RD can be contacted and he\/she verifies eligibility to attend to Level III competition. Due to IPSC and Nordic sanctions, we can not take athletes nor officials from Russia nor Belarusia.<br>The registration ends November 1 18:00 hours.<br>Alternatively registration can be done by emailing aa2024@pas.fi<\/p>\n\n\n\n<h4 class=\"wp-block-heading\">Teams<\/h4>\n\n\n\n<p>Registration of the teams either in Pelias or via email. Team competition is open only for the Finnish club teams. Team registration ends on Nov 15 18:00 hours.<\/p>\n\n\n\n<h4 class=\"wp-block-heading\">Officials<\/h4>\n\n\n\n<p>Match officials\u2019 (pre-match 6.12) registration begins immediately. Contact the above mentioned e-mail. On main match, food is provided for the officials. On pre-match, everybody is expected to bring their own.<\/p>\n\n\n\n<h4 class=\"wp-block-heading\">Fees<\/h4>\n\n\n\n<p>Do not pay before you are in &#8220;pending&#8221; state.<br>Match fee is 70 \u20ac (Juniors and Super Juniors 50 \u20ac), if received to below mentioned bank account prior to November 1. After that date, the match fee is 90 \u20ac.\u00a0<br>The fee must be paid in full prior to November 1 to the bank account of Poliisien Ampumaseura ry:<br>FI56 1493 3000 1035 45<br>Message field: PASI V + competitors\u2019 name<br>If the fee is not paid in time, the match organisers retain right to cancel the affected slots.<br>Squad can be selected when the payment is visible on the bank account. If the competitor has not selected squad on 15 November, the organisers will squad the competitor.<br>Paid fee will be returned on organisers\u2019 discretion.<\/p>\n\n\n\n<h4 class=\"wp-block-heading\">Team fees<\/h4>\n\n\n\n<p>Team fees must be paid in full prior to Nov 15 to the aforementioned bank account. Message field: PASI V joukkue + short name of the club + team name.<\/p>\n\n\n\n<h4 class=\"wp-block-heading\">Squads<\/h4>\n\n\n\n<p>Squad can be selected in Pelias starting October 15 18:00 hours, if the relevant fees have been received. <br><a href=\"https:\/\/pelias.ipscfin.org\/matchreg_self\">https:\/\/pelias.ipscfin.org\/matchreg_self<\/a><br>If the competitor has not selected squad by November 15, we will squad the competitors.<\/p>\n\n\n\n<p>If there is less than 31 persons registered to main match, only squads 7-12 (Sunday) are gonna be available.<\/p>\n\n\n\n<p>If there is 31-45 persons registered to main match, only squads 4-12 (Saturday pm and Sunday) are gonna be available.<\/p>\n\n\n\n<p>If there is more than 45 persons registered to main match, all squads (1-12) are gonna be available.<\/p>\n\n\n\n<h3 class=\"wp-block-heading\">Prizes<\/h3>\n\n\n\n<p>Prizes will be given as follows:<\/p>\n\n\n\n<ol class=\"wp-block-list\">\n<li>Finnish Championship prizes for first to third places for all divisions, categories and teams.<\/li>\n\n\n\n<li>Presidents medals and PAS medals will be given according to Appendix A2 of the rules: Division must have at least 10 competitors, category at least 5.<\/li>\n<\/ol>\n\n\n\n<p>Team prizes: If there are 3 teams, the best team is awarded. If there are 5 teams, best 3 teams are awarded.<\/p>\n\n\n\n<p>In any case, in Junior and Super Junior categories, 3 best are awarded.<\/p>\n\n\n\n<h3 class=\"wp-block-heading\">Miscellaneous<\/h3>\n\n\n\n<p>Arbitration fee: 70 \u20ac<br>Verify lists and provisional results will only be published on Pelias web site. Stats office has computer available for browsing the said web site.<br>If a person receives a match slot from the queue, he\/she must acknowledge the reception of slot within 24 hours from emailed notification.<\/p>\n","protected":false},"excerpt":{"rendered":"<p>Kilpailukutsu, V PAS Ilmapistoolikilpailu (PASI V), Action Air SM 2024 Kaikki ajat ovat Suomen aikaa. Poliisien Ampumaseura ry j\u00e4rjest\u00e4\u00e4 tason III practical-ilmapistoolikilpailun (Action Air) seuran radalla, Hyttitie 4 A, Helsinki, 6-8.12.2024.Kilpailu on samalla Action Air suomenmestaruuskilpailu kaikissa Action Air \u2013 divisioonissa.Kilpailunjohtaja: Sami NikkiRatamestari: Riku Kalinen Kisasivut: https:\/\/pasi5.pas.fi Aikataulu: Schedule P\u00e4\u00e4kisa P\u00e4\u00e4kisaan otetaan enint\u00e4\u00e4n 60 kilpailijaa. [&hellip;]<\/p>\n","protected":false},"author":1,"featured_media":0,"parent":0,"menu_order":0,"comment_status":"closed","ping_status":"closed","template":"","meta":{"footnotes":""},"class_list":["post-28","page","type-page","status-publish","hentry"],"_links":{"self":[{"href":"https:\/\/pasi5.pas.fi\/index.php\/wp-json\/wp\/v2\/pages\/28","targetHints":{"allow":["GET"]}}],"collection":[{"href":"https:\/\/pasi5.pas.fi\/index.php\/wp-json\/wp\/v2\/pages"}],"about":[{"href":"https:\/\/pasi5.pas.fi\/index.php\/wp-json\/wp\/v2\/types\/page"}],"author":[{"embeddable":true,"href":"https:\/\/pasi5.pas.fi\/index.php\/wp-json\/wp\/v2\/users\/1"}],"replies":[{"embeddable":true,"href":"https:\/\/pasi5.pas.fi\/index.php\/wp-json\/wp\/v2\/comments?post=28"}],"version-history":[{"count":9,"href":"https:\/\/pasi5.pas.fi\/index.php\/wp-json\/wp\/v2\/pages\/28\/revisions"}],"predecessor-version":[{"id":62,"href":"https:\/\/pasi5.pas.fi\/index.php\/wp-json\/wp\/v2\/pages\/28\/revisions\/62"}],"wp:attachment":[{"href":"https:\/\/pasi5.pas.fi\/index.php\/wp-json\/wp\/v2\/media?parent=28"}],"curies":[{"name":"wp","href":"https:\/\/api.w.org\/{rel}","templated":true}]}}